{"id":2,"date":"2025-09-02T10:01:59","date_gmt":"2025-09-02T10:01:59","guid":{"rendered":"https:\/\/krombach-datentechnik.de\/?page_id=2"},"modified":"2026-03-29T19:45:28","modified_gmt":"2026-03-29T19:45:28","slug":"sample-page","status":"publish","type":"page","link":"https:\/\/krombach-datentechnik.de\/","title":{"rendered":"Willkommen bei Ihrem IT-Partner f\u00fcr smarte Vernetzung und Sicherheit"},"content":{"rendered":"\t\t<div data-elementor-type=\"wp-page\" data-elementor-id=\"2\" class=\"elementor elementor-2\">\n\t\t\t\t<div class=\"elementor-element elementor-element-6d6a7842 e-flex e-con-boxed wpr-particle-no wpr-jarallax-no wpr-parallax-no wpr-sticky-section-no e-con e-parent\" data-id=\"6d6a7842\" data-element_type=\"container\" data-e-type=\"container\">\n\t\t\t\t\t<div class=\"e-con-inner\">\n\t\t\t\t<div class=\"elementor-element elementor-element-14fd769e elementor-widget elementor-widget-text-editor\" data-id=\"14fd769e\" data-element_type=\"widget\" data-e-type=\"widget\" data-widget_type=\"text-editor.default\">\n\t\t\t\t\t\t\t\t\t\n<p>Seit \u00fcber 13 Jahren bin ich mit Leidenschaft und Fachkompetenz in der IT-Branche t\u00e4tig. 2024 habe ich mein Know-how erweitert und biete nun auch nebengewerblich individuelle IT-Dienstleistungen f\u00fcr Privat- und Gesch\u00e4ftskunden an. Mein Fokus liegt auf der intelligenten Vernetzung \u2013 sei es im Homeoffice, im Unternehmen oder im privaten Umfeld \u2013 sowie auf modernen Kamerasystemen von <strong>Reolink<\/strong>, die f\u00fcr zuverl\u00e4ssige Sicherheit und einfache Bedienung stehen.<\/p>\n\n\n\n<p>Ob Sie Ihr Zuhause smarter gestalten m\u00f6chten, Ihr Unternehmen effizienter vernetzen wollen oder auf der Suche nach einer professionellen Video\u00fcberwachungsl\u00f6sung sind: Ich unterst\u00fctze Sie pers\u00f6nlich, transparent und l\u00f6sungsorientiert.<\/p>\n\t\t\t\t\t\t\t\t<\/div>\n\t\t\t\t\t<\/div>\n\t\t\t\t<\/div>\n\t\t<div class=\"elementor-element elementor-element-25cbeca e-flex e-con-boxed wpr-particle-no wpr-jarallax-no wpr-parallax-no wpr-sticky-section-no e-con e-parent\" data-id=\"25cbeca\" data-element_type=\"container\" data-e-type=\"container\">\n\t\t\t\t\t<div class=\"e-con-inner\">\n\t\t\t\t<div class=\"elementor-element elementor-element-28fedec elementor-widget elementor-widget-ata-animated\" data-id=\"28fedec\" data-element_type=\"widget\" data-e-type=\"widget\" data-widget_type=\"ata-animated.default\">\n\t\t\t\t<div class=\"elementor-widget-container\">\n\t\t\t\t\t\t\t<div class=\"bc-services row\">\r\n\r\n\t\t            \r\n\t\t<div  class=\"col-md-4 col-sm-6 col-12\">\r\n\r\n\t\t<div class=\"s-feature-box\">\r\n\t\t\t<div class=\"mask-top\">\r\n\t\t\t\t<i aria-hidden=\"true\" class=\"fas fa-network-wired\"><\/i>\t\t\t\t\r\n\t\t\t\t<h4>Netzwerktechnik<\/h4>\r\n\t\t\t<\/div>\r\n\t\t\t<a class=\"mask-bottom\" href=https:\/\/krombach-datentechnik.de\/index.php\/netzwerk-wlan\/ rel=&quot;nofollow&quot; >\r\n\t\t\t\t<i aria-hidden=\"true\" class=\"fas fa-network-wired\"><\/i>\t\t\t\t<h4>Netzwerktechnik<\/h4>\r\n\t\t\t\t<p>Router, Switche, WLAN-Controller sind die wichtigsten Komponenten im Netz. Daher sollten diese optimal abgestimmt werden<\/p>\r\n\t\t\t<\/a>\r\n\t\t<\/div>\r\n\r\n\r\n\t\t <\/div>\r\n\t\t            \r\n\t\t<div  class=\"col-md-4 col-sm-6 col-12\">\r\n\r\n\t\t<div class=\"s-feature-box\">\r\n\t\t\t<div class=\"mask-top\">\r\n\t\t\t\t<i aria-hidden=\"true\" class=\"far fa-bell\"><\/i>\t\t\t\t\r\n\t\t\t\t<h4>Sicherheitstechnik<\/h4>\r\n\t\t\t<\/div>\r\n\t\t\t<a class=\"mask-bottom\" href=https:\/\/krombach-datentechnik.de\/index.php\/sicherheitssysteme\/ rel=&quot;nofollow&quot; >\r\n\t\t\t\t<i aria-hidden=\"true\" class=\"far fa-bell\"><\/i>\t\t\t\t<h4>Sicherheitstechnik<\/h4>\r\n\t\t\t\t<p>Die Sicherung ihres Objektes ist wichtig. Gut, wenn man sich auf einen kompetenten Partner und skalierbare L\u00f6sungen verlassen kann.<\/p>\r\n\t\t\t<\/a>\r\n\t\t<\/div>\r\n\r\n\r\n\t\t <\/div>\r\n\t\t            \r\n\t\t<div  class=\"col-md-4 col-sm-6 col-12\">\r\n\r\n\t\t<div class=\"s-feature-box\">\r\n\t\t\t<div class=\"mask-top\">\r\n\t\t\t\t<i aria-hidden=\"true\" class=\"fas fa-camera\"><\/i>\t\t\t\t\r\n\t\t\t\t<h4>Kamerasysteme<\/h4>\r\n\t\t\t<\/div>\r\n\t\t\t<a class=\"mask-bottom\" href=https:\/\/krombach-datentechnik.de\/index.php\/kamerasysteme\/ rel=&quot;nofollow&quot; >\r\n\t\t\t\t<i aria-hidden=\"true\" class=\"fas fa-camera\"><\/i>\t\t\t\t<h4>Kamerasysteme<\/h4>\r\n\t\t\t\t<p>Kamerasyteme haben im Hauptsatz zwei Grunds\u00e4tze. Sicht und Sichtbarkeit. Skalierbarkeit und Integrationsf\u00e4higkeit sichern den Betrieb. Auch in Zukunft.<\/p>\r\n\t\t\t<\/a>\r\n\t\t<\/div>\r\n\r\n\r\n\t\t <\/div>\r\n\t\t\r\n\t\t<\/div>\r\n\t\t\t\t\t\t<\/div>\n\t\t\t\t<\/div>\n\t\t\t\t\t<\/div>\n\t\t\t\t<\/div>\n\t\t\t\t<\/div>\n\t\t","protected":false},"excerpt":{"rendered":"<p>Seit \u00fcber 13 Jahren bin ich mit Leidenschaft und Fachkompetenz in der IT-Branche t\u00e4tig. 2024 habe ich mein Know-how erweitert und biete nun auch nebengewerblich individuelle IT-Dienstleistungen f\u00fcr Privat- und Gesch\u00e4ftskunden an. Mein Fokus liegt auf der intelligenten Vernetzung \u2013 sei es im Homeoffice, im Unternehmen oder im privaten Umfeld \u2013 sowie auf modernen Kamerasystemen von Reolink, die f\u00fcr zuverl\u00e4ssige Sicherheit und einfache Bedienung stehen. Ob Sie Ihr Zuhause smarter gestalten m\u00f6chten, Ihr Unternehmen effizienter vernetzen wollen oder auf der Suche nach einer professionellen Video\u00fcberwachungsl\u00f6sung sind: Ich unterst\u00fctze Sie pers\u00f6nlich, transparent und l\u00f6sungsorientiert. Netzwerktechnik Netzwerktechnik Router, Switche, WLAN-Controller sind die wichtigsten Komponenten im Netz. Daher sollten diese optimal abgestimmt werden Sicherheitstechnik Sicherheitstechnik Die Sicherung ihres Objektes ist wichtig. Gut, wenn man sich auf einen kompetenten Partner und skalierbare L\u00f6sungen verlassen kann. Kamerasysteme Kamerasysteme Kamerasyteme haben im Hauptsatz zwei Grunds\u00e4tze. Sicht und Sichtbarkeit. Skalierbarkeit und Integrationsf\u00e4higkeit sichern den Betrieb. Auch in Zukunft.<\/p>\n","protected":false},"author":1,"featured_media":0,"parent":0,"menu_order":0,"comment_status":"closed","ping_status":"open","template":"","meta":{"footnotes":""},"class_list":["post-2","page","type-page","status-publish","hentry"],"_links":{"self":[{"href":"https:\/\/krombach-datentechnik.de\/index.php\/wp-json\/wp\/v2\/pages\/2","targetHints":{"allow":["GET"]}}],"collection":[{"href":"https:\/\/krombach-datentechnik.de\/index.php\/wp-json\/wp\/v2\/pages"}],"about":[{"href":"https:\/\/krombach-datentechnik.de\/index.php\/wp-json\/wp\/v2\/types\/page"}],"author":[{"embeddable":true,"href":"https:\/\/krombach-datentechnik.de\/index.php\/wp-json\/wp\/v2\/users\/1"}],"replies":[{"embeddable":true,"href":"https:\/\/krombach-datentechnik.de\/index.php\/wp-json\/wp\/v2\/comments?post=2"}],"version-history":[{"count":10,"href":"https:\/\/krombach-datentechnik.de\/index.php\/wp-json\/wp\/v2\/pages\/2\/revisions"}],"predecessor-version":[{"id":164,"href":"https:\/\/krombach-datentechnik.de\/index.php\/wp-json\/wp\/v2\/pages\/2\/revisions\/164"}],"wp:attachment":[{"href":"https:\/\/krombach-datentechnik.de\/index.php\/wp-json\/wp\/v2\/media?parent=2"}],"curies":[{"name":"wp","href":"https:\/\/api.w.org\/{rel}","templated":true}]}}