{"id":20,"date":"2025-09-02T15:58:53","date_gmt":"2025-09-02T15:58:53","guid":{"rendered":"https:\/\/krombach-datentechnik.de\/?page_id=20"},"modified":"2026-02-12T17:45:49","modified_gmt":"2026-02-12T17:45:49","slug":"ueber-mich","status":"publish","type":"page","link":"https:\/\/krombach-datentechnik.de\/index.php\/ueber-mich\/","title":{"rendered":"\u00dcber mich"},"content":{"rendered":"\n<p><strong>Ren\u00e9 \u2013 Ihr IT-Spezialist mit Erfahrung und Leidenschaft<\/strong><\/p>\n\n\n\n<p>Ich bin seit \u00fcber einem Jahrzehnt hauptberuflich in der IT t\u00e4tig und habe dabei zahlreiche Projekte f\u00fcr Unternehmen und Privatkunden erfolgreich umgesetzt. 2024 habe ich mein Wissen und meine Leidenschaft in ein nebengewerbliches Angebot \u00fcberf\u00fchrt, um noch flexibler und pers\u00f6nlicher f\u00fcr Sie da zu sein.<\/p>\n\n\n\n<p>Was mich auszeichnet?<br>\u2705 Praxisnahe L\u00f6sungen<br>\u2705 Ehrliche Beratung<br>\u2705 Technisches Know-how mit Blick f\u00fcrs Wesentliche<\/p>\n\n\n\n<p>Ich arbeite nicht nach Schema F \u2013 sondern so, wie es f\u00fcr Sie am besten passt.<\/p>\n\n\n\n<figure class=\"wp-block-image size-large\"><img fetchpriority=\"high\" decoding=\"async\" width=\"1024\" height=\"286\" src=\"https:\/\/krombach-datentechnik.de\/wp-content\/uploads\/2026\/02\/Authorized-Integrator-1024x286.png\" alt=\"\" class=\"wp-image-155\" srcset=\"https:\/\/krombach-datentechnik.de\/wp-content\/uploads\/2026\/02\/Authorized-Integrator-1024x286.png 1024w, https:\/\/krombach-datentechnik.de\/wp-content\/uploads\/2026\/02\/Authorized-Integrator-300x84.png 300w, https:\/\/krombach-datentechnik.de\/wp-content\/uploads\/2026\/02\/Authorized-Integrator-768x215.png 768w, https:\/\/krombach-datentechnik.de\/wp-content\/uploads\/2026\/02\/Authorized-Integrator.png 1530w\" sizes=\"(max-width: 1024px) 100vw, 1024px\" \/><\/figure>\n","protected":false},"excerpt":{"rendered":"<p>Ren\u00e9 \u2013 Ihr IT-Spezialist mit Erfahrung und Leidenschaft Ich bin seit \u00fcber einem Jahrzehnt hauptberuflich in der IT t\u00e4tig und habe dabei zahlreiche Projekte f\u00fcr Unternehmen und Privatkunden erfolgreich umgesetzt. 2024 habe ich mein Wissen und meine Leidenschaft in ein nebengewerbliches Angebot \u00fcberf\u00fchrt, um noch flexibler und pers\u00f6nlicher f\u00fcr Sie da zu sein. Was mich auszeichnet?\u2705 Praxisnahe L\u00f6sungen\u2705 Ehrliche Beratung\u2705 Technisches Know-how mit Blick f\u00fcrs Wesentliche Ich arbeite nicht nach Schema F \u2013 sondern so, wie es f\u00fcr Sie am besten passt.<\/p>\n","protected":false},"author":1,"featured_media":0,"parent":0,"menu_order":0,"comment_status":"closed","ping_status":"closed","template":"","meta":{"footnotes":""},"class_list":["post-20","page","type-page","status-publish","hentry"],"_links":{"self":[{"href":"https:\/\/krombach-datentechnik.de\/index.php\/wp-json\/wp\/v2\/pages\/20","targetHints":{"allow":["GET"]}}],"collection":[{"href":"https:\/\/krombach-datentechnik.de\/index.php\/wp-json\/wp\/v2\/pages"}],"about":[{"href":"https:\/\/krombach-datentechnik.de\/index.php\/wp-json\/wp\/v2\/types\/page"}],"author":[{"embeddable":true,"href":"https:\/\/krombach-datentechnik.de\/index.php\/wp-json\/wp\/v2\/users\/1"}],"replies":[{"embeddable":true,"href":"https:\/\/krombach-datentechnik.de\/index.php\/wp-json\/wp\/v2\/comments?post=20"}],"version-history":[{"count":2,"href":"https:\/\/krombach-datentechnik.de\/index.php\/wp-json\/wp\/v2\/pages\/20\/revisions"}],"predecessor-version":[{"id":156,"href":"https:\/\/krombach-datentechnik.de\/index.php\/wp-json\/wp\/v2\/pages\/20\/revisions\/156"}],"wp:attachment":[{"href":"https:\/\/krombach-datentechnik.de\/index.php\/wp-json\/wp\/v2\/media?parent=20"}],"curies":[{"name":"wp","href":"https:\/\/api.w.org\/{rel}","templated":true}]}}