{"id":59,"date":"2026-01-29T17:58:18","date_gmt":"2026-01-29T17:58:18","guid":{"rendered":"https:\/\/krombach-datentechnik.de\/?page_id=59"},"modified":"2026-04-18T22:56:45","modified_gmt":"2026-04-18T22:56:45","slug":"sicherheitssysteme","status":"publish","type":"page","link":"https:\/\/krombach-datentechnik.de\/index.php\/sicherheitssysteme\/","title":{"rendered":""},"content":{"rendered":"\t\t<div data-elementor-type=\"wp-page\" data-elementor-id=\"59\" class=\"elementor elementor-59\">\n\t\t\t\t<div class=\"elementor-element elementor-element-25e6dd8 e-con-full e-flex wpr-particle-no wpr-jarallax-no wpr-parallax-no wpr-sticky-section-no e-con e-parent\" data-id=\"25e6dd8\" data-element_type=\"container\" data-e-type=\"container\">\n\t\t<div class=\"elementor-element elementor-element-db9d8f3 e-con-full e-flex wpr-particle-no wpr-jarallax-no wpr-parallax-no wpr-sticky-section-no e-con e-child\" data-id=\"db9d8f3\" data-element_type=\"container\" data-e-type=\"container\">\n\t\t\t\t<div class=\"elementor-element elementor-element-1b1e2fd9 elementor-widget elementor-widget-text-editor\" data-id=\"1b1e2fd9\" data-element_type=\"widget\" data-e-type=\"widget\" data-widget_type=\"text-editor.default\">\n\t\t\t\t\t\t\t\t\t<h2 class=\"wp-block-heading\">AJAX Sicherheitssysteme <span style=\"font-size: 16px;\">\u00a0<\/span><\/h2>\n<h2 class=\"wp-block-heading\"><span style=\"font-size: 16px;\"> Moderne Funkalarmanlagen f\u00fcr Zuhause und Gewerbe<\/span><\/h2>\n<p><!-- \/wp:heading --><!-- wp:paragraph --><\/p>\n<p>Professionelle Sicherheitstechnik \u2013 zuverl\u00e4ssig, flexibel, unauff\u00e4llig<\/p>\n<p class=\"MsoNormal\">Professionelle Sicherheitstechnik sch\u00fctzt nicht nur Werte \u2013 sie schafft sp\u00fcrbare Ruhe und Verl\u00e4sslichkeit im Alltag. AJAX z\u00e4hlt zu den f\u00fchrenden Herstellern moderner Funkalarmanlagen in Europa und \u00fcberzeugt durch hohe Reichweite, robuste Komponenten, intelligente Software und eine besonders intuitive Bedienung.<\/p>\n<p>\u00a0<\/p>\n<p class=\"MsoNormal\">Die Systeme sind modular aufgebaut, flexibel erweiterbar und lassen sich exakt an die Anforderungen Ihres Geb\u00e4udes anpassen \u2013 vom Einfamilienhaus \u00fcber B\u00fcrofl\u00e4chen bis hin zu gr\u00f6\u00dferen Gewerbeobjekten.<\/p>\n<p>\u00a0<\/p>\n<p><strong>Vorteile von AJAX Sicherheitssytemen<\/strong><\/p>\n<p><!-- \/wp:paragraph --><!-- wp:paragraph --><\/p>\n<p><!-- \/wp:paragraph --><!-- wp:paragraph --><\/p>\n<p><!-- \/wp:paragraph --><\/p>\t\t\t\t\t\t\t\t<\/div>\n\t\t\t\t<\/div>\n\t\t<div class=\"elementor-element elementor-element-4b30cb9 e-con-full e-flex wpr-particle-no wpr-jarallax-no wpr-parallax-no wpr-sticky-section-no e-con e-child\" data-id=\"4b30cb9\" data-element_type=\"container\" data-e-type=\"container\">\n\t\t\t\t<div class=\"elementor-element elementor-element-94abaf1 elementor-widget elementor-widget-image\" data-id=\"94abaf1\" data-element_type=\"widget\" data-e-type=\"widget\" data-widget_type=\"image.default\">\n\t\t\t\t\t\t\t\t\t\t\t\t\t\t\t<img fetchpriority=\"high\" decoding=\"async\" width=\"640\" height=\"331\" src=\"https:\/\/krombach-datentechnik.de\/wp-content\/uploads\/2026\/01\/DevicesWhite-1024x529.png\" class=\"attachment-large size-large wp-image-72\" alt=\"\" srcset=\"https:\/\/krombach-datentechnik.de\/wp-content\/uploads\/2026\/01\/DevicesWhite-1024x529.png 1024w, https:\/\/krombach-datentechnik.de\/wp-content\/uploads\/2026\/01\/DevicesWhite-300x155.png 300w, https:\/\/krombach-datentechnik.de\/wp-content\/uploads\/2026\/01\/DevicesWhite-768x397.png 768w, https:\/\/krombach-datentechnik.de\/wp-content\/uploads\/2026\/01\/DevicesWhite.png 1200w\" sizes=\"(max-width: 640px) 100vw, 640px\" \/>\t\t\t\t\t\t\t\t\t\t\t\t\t\t\t<\/div>\n\t\t\t\t<\/div>\n\t\t\t\t<\/div>\n\t\t<div class=\"elementor-element elementor-element-dabd370 e-con-full e-flex wpr-particle-no wpr-jarallax-no wpr-parallax-no wpr-sticky-section-no e-con e-parent\" data-id=\"dabd370\" data-element_type=\"container\" data-e-type=\"container\">\n\t\t\t\t<div class=\"elementor-element elementor-element-02ec749 elementor-widget elementor-widget-ata-feature\" data-id=\"02ec749\" data-element_type=\"widget\" data-e-type=\"widget\" data-widget_type=\"ata-feature.default\">\n\t\t\t\t<div class=\"elementor-widget-container\">\n\t\t\t\t\t\t\t<div class=\"ata-features-block row\">\r\n\r\n\t\t            \r\n\t\t<div class=\"col-md-4 col-sm-6 col-12\">\r\n\r\n\t\t\t<div class=\"be-feature-box  \" style=\"\">\r\n\t\t\t\t<div class=\"box-wrp\">\r\n\t\t\t\t\t<div class=\"be-icon\"> <i aria-hidden=\"true\" class=\"\"><\/i> <\/div>\r\n\t\t\t\t\t<div class=\"fancy-content\">\r\n\t\t\t\t\t<h5 class=\"heading\"> Modulares Baukastensystem <\/h5>\r\n\r\n\t\t\t\t\t<div class=\"bc-consulting-text\">Bewegungsmelder, \u00d6ffnungskontakte, Glasbruchsensoren, Brand- und Wassermelder, Innen- und Au\u00dfensirenen, Automationsmodule f\u00fcr Licht, Tore, Relais u.\u202fv.\u202fm.\n<\/div>\r\n\t\t\t\t\t\t\t\t\t\t<\/div>\r\n\t\t\t\t<\/div>\r\n\t\t\t<\/div>\r\n\r\n\r\n\t\t <\/div>\r\n\t\t            \r\n\t\t<div class=\"col-md-4 col-sm-6 col-12\">\r\n\r\n\t\t\t<div class=\"be-feature-box  \" style=\"\">\r\n\t\t\t\t<div class=\"box-wrp\">\r\n\t\t\t\t\t<div class=\"be-icon\"> <i aria-hidden=\"true\" class=\"\"><\/i> <\/div>\r\n\t\t\t\t\t<div class=\"fancy-content\">\r\n\t\t\t\t\t<h5 class=\"heading\"> Einfache Bedienung <\/h5>\r\n\r\n\t\t\t\t\t<div class=\"bc-consulting-text\">Steuerung per App, Web, Pinpad, BLE, Smartcard und Funkfernbedienung.\nSofortige Push Benachrichtigungen und\n\u00fcbersichtliche Ereignisprotokolle\n<\/div>\r\n\t\t\t\t\t\t\t\t\t\t<\/div>\r\n\t\t\t\t<\/div>\r\n\t\t\t<\/div>\r\n\r\n\r\n\t\t <\/div>\r\n\t\t            \r\n\t\t<div class=\"col-md-4 col-sm-6 col-12\">\r\n\r\n\t\t\t<div class=\"be-feature-box  \" style=\"\">\r\n\t\t\t\t<div class=\"box-wrp\">\r\n\t\t\t\t\t<div class=\"be-icon\"> <i aria-hidden=\"true\" class=\"\"><\/i> <\/div>\r\n\t\t\t\t\t<div class=\"fancy-content\">\r\n\t\t\t\t\t<h5 class=\"heading\"> Online Training <\/h5>\r\n\r\n\t\t\t\t\t<div class=\"bc-consulting-text\">EN 50131 Grad 2 zertifiziert Verschl\u00fcsselte Kommunikation\nSabotageschutz und regelm\u00e4\u00dfige Selbsttests. St\u00f6rsicher und energieeffizient dank eigener Protokolle\n<\/div>\r\n\t\t\t\t\t\t\t\t\t\t<\/div>\r\n\t\t\t\t<\/div>\r\n\t\t\t<\/div>\r\n\r\n\r\n\t\t <\/div>\r\n\t\t\r\n\t\t<\/div>\r\n\t\t\t\t\t\t<\/div>\n\t\t\t\t<\/div>\n\t\t\t\t<div class=\"elementor-element elementor-element-768e5a0 elementor-widget elementor-widget-text-editor\" data-id=\"768e5a0\" data-element_type=\"widget\" data-e-type=\"widget\" data-widget_type=\"text-editor.default\">\n\t\t\t\t\t\t\t\t\t<p><strong>Einsatzbereiche<\/strong><\/p>\t\t\t\t\t\t\t\t<\/div>\n\t\t\t\t<div class=\"elementor-element elementor-element-c5b8a0b elementor-widget elementor-widget-ata-feature\" data-id=\"c5b8a0b\" data-element_type=\"widget\" data-e-type=\"widget\" data-widget_type=\"ata-feature.default\">\n\t\t\t\t<div class=\"elementor-widget-container\">\n\t\t\t\t\t\t\t<div class=\"ata-features-block row\">\r\n\r\n\t\t            \r\n\t\t<div class=\"col-md-4 col-sm-6 col-12\">\r\n\r\n\t\t\t<div class=\"be-feature-box  \" style=\"\">\r\n\t\t\t\t<div class=\"box-wrp\">\r\n\t\t\t\t\t<div class=\"be-icon\"> <i aria-hidden=\"true\" class=\"\"><\/i> <\/div>\r\n\t\t\t\t\t<div class=\"fancy-content\">\r\n\t\t\t\t\t<h5 class=\"heading\"> Privathaushalte <\/h5>\r\n\r\n\t\t\t\t\t<div class=\"bc-consulting-text\">Einbruchschutz, Brandwarnung, smarte Automatisierung<\/div>\r\n\t\t\t\t\t\t\t\t\t\t<\/div>\r\n\t\t\t\t<\/div>\r\n\t\t\t<\/div>\r\n\r\n\r\n\t\t <\/div>\r\n\t\t            \r\n\t\t<div class=\"col-md-4 col-sm-6 col-12\">\r\n\r\n\t\t\t<div class=\"be-feature-box  \" style=\"\">\r\n\t\t\t\t<div class=\"box-wrp\">\r\n\t\t\t\t\t<div class=\"be-icon\"> <i aria-hidden=\"true\" class=\"\"><\/i> <\/div>\r\n\t\t\t\t\t<div class=\"fancy-content\">\r\n\t\t\t\t\t<h5 class=\"heading\"> B\u00fcros und Gewerbe <\/h5>\r\n\r\n\t\t\t\t\t<div class=\"bc-consulting-text\">Zutrittskontrolle, Geb\u00e4ude\u00fcberwachung, Automation und Alarmweitermeldung an einen Leitstellendienst<\/div>\r\n\t\t\t\t\t\t\t\t\t\t<\/div>\r\n\t\t\t\t<\/div>\r\n\t\t\t<\/div>\r\n\r\n\r\n\t\t <\/div>\r\n\t\t            \r\n\t\t<div class=\"col-md-4 col-sm-6 col-12\">\r\n\r\n\t\t\t<div class=\"be-feature-box  \" style=\"\">\r\n\t\t\t\t<div class=\"box-wrp\">\r\n\t\t\t\t\t<div class=\"be-icon\"> <i aria-hidden=\"true\" class=\"\"><\/i> <\/div>\r\n\t\t\t\t\t<div class=\"fancy-content\">\r\n\t\t\t\t\t<h5 class=\"heading\"> Vereine &amp; \u00f6ffentliche Geb\u00e4ude <\/h5>\r\n\r\n\t\t\t\t\t<div class=\"bc-consulting-text\">Skalierbare Systeme, einfache Bedienung und planbare Zonen<\/div>\r\n\t\t\t\t\t\t\t\t\t\t<\/div>\r\n\t\t\t\t<\/div>\r\n\t\t\t<\/div>\r\n\r\n\r\n\t\t <\/div>\r\n\t\t\r\n\t\t<\/div>\r\n\t\t\t\t\t\t<\/div>\n\t\t\t\t<\/div>\n\t\t\t\t<div class=\"elementor-element elementor-element-2915087 elementor-widget elementor-widget-text-editor\" data-id=\"2915087\" data-element_type=\"widget\" data-e-type=\"widget\" data-widget_type=\"text-editor.default\">\n\t\t\t\t\t\t\t\t\t<p><strong>Meine Leistungen als AJAX Partner<\/strong><\/p><ul style=\"margin-top:0cm\" type=\"disc\">\n <li>Individuelle\n     Beratung und Vor\u2011Ort\u2011Analyse<o:p><\/o:p><\/li>\n <li>Planung\n     eines ma\u00dfgeschneiderten Sicherheitskonzepts<o:p><\/o:p><\/li>\n <li>Fachgerechte\n     Installation und Konfiguration<o:p><\/o:p><\/li>\n <li>Einweisung\n     in App, Bedienung und Systemfunktionen<o:p><\/o:p><\/li>\n <li>Erweiterung\n     bestehender Systeme<o:p><\/o:p><\/li>\n <li>Wartung,\n     Funktionspr\u00fcfung und langfristige Betreuung<o:p><\/o:p><\/li>\n<\/ul>\n<p><\/p>\t\t\t\t\t\t\t\t<\/div>\n\t\t\t\t<\/div>\n\t\t<div class=\"elementor-element elementor-element-7e94716 e-flex e-con-boxed wpr-particle-no wpr-jarallax-no wpr-parallax-no wpr-sticky-section-no e-con e-parent\" data-id=\"7e94716\" data-element_type=\"container\" data-e-type=\"container\">\n\t\t\t\t\t<div class=\"e-con-inner\">\n\t\t<div class=\"elementor-element elementor-element-2cfa1c0 e-con-full e-flex wpr-particle-no wpr-jarallax-no wpr-parallax-no wpr-sticky-section-no e-con e-child\" data-id=\"2cfa1c0\" data-element_type=\"container\" data-e-type=\"container\">\n\t\t\t\t<div class=\"elementor-element elementor-element-0fba98b elementor-widget elementor-widget-text-editor\" data-id=\"0fba98b\" data-element_type=\"widget\" data-e-type=\"widget\" data-widget_type=\"text-editor.default\">\n\t\t\t\t\t\t\t\t\t<p><strong>W<\/strong><strong>arum AJAX bei Krombach Datentechnik<\/strong><\/p>\n<p>Als technischer Dienstleister mit Fokus auf praxistaugliche, zuverl\u00e4ssige L\u00f6sungen kombiniere ich moderne Sicherheitstechnik mit sauberer, professioneller Umsetzung. Durch meinen offiziellen Partnerstatus profitieren Sie von:<\/p>\n<ul type=\"disc\">\n<li>gepr\u00fcfter Fachkompetenz<\/li>\n<li>direktem Herstellersupport<\/li>\n<li>hochwertigen Komponenten<\/li>\n<li>einer Installation, die technisch wie optisch \u00fcberzeugt<\/li>\n<\/ul>\n<p>\u00a0<\/p>\n<p>So entsteht ein Sicherheitssystem, das nicht nur sch\u00fctzt, sondern sich harmonisch in Ihr Geb\u00e4ude integriert und langfristig zuverl\u00e4ssig arbeitet.<\/p>\t\t\t\t\t\t\t\t<\/div>\n\t\t\t\t<\/div>\n\t\t<div class=\"elementor-element elementor-element-b11a1dc e-con-full e-flex wpr-particle-no wpr-jarallax-no wpr-parallax-no wpr-sticky-section-no e-con e-child\" data-id=\"b11a1dc\" data-element_type=\"container\" data-e-type=\"container\">\n\t\t\t\t<div class=\"elementor-element elementor-element-872f36c elementor-widget elementor-widget-image\" data-id=\"872f36c\" data-element_type=\"widget\" data-e-type=\"widget\" data-widget_type=\"image.default\">\n\t\t\t\t\t\t\t\t\t\t\t\t\t\t\t<img decoding=\"async\" width=\"640\" height=\"904\" src=\"https:\/\/krombach-datentechnik.de\/wp-content\/uploads\/2026\/04\/Intregrator-Zertifikat-725x1024.png\" class=\"attachment-large size-large wp-image-174\" alt=\"\" srcset=\"https:\/\/krombach-datentechnik.de\/wp-content\/uploads\/2026\/04\/Intregrator-Zertifikat-725x1024.png 725w, https:\/\/krombach-datentechnik.de\/wp-content\/uploads\/2026\/04\/Intregrator-Zertifikat-212x300.png 212w, https:\/\/krombach-datentechnik.de\/wp-content\/uploads\/2026\/04\/Intregrator-Zertifikat-768x1085.png 768w, https:\/\/krombach-datentechnik.de\/wp-content\/uploads\/2026\/04\/Intregrator-Zertifikat.png 837w\" sizes=\"(max-width: 640px) 100vw, 640px\" \/>\t\t\t\t\t\t\t\t\t\t\t\t\t\t\t<\/div>\n\t\t\t\t<\/div>\n\t\t\t\t\t<\/div>\n\t\t\t\t<\/div>\n\t\t\t\t<\/div>\n\t\t","protected":false},"excerpt":{"rendered":"<p>AJAX Sicherheitssysteme \u00a0 Moderne Funkalarmanlagen f\u00fcr Zuhause und Gewerbe Professionelle Sicherheitstechnik \u2013 zuverl\u00e4ssig, flexibel, unauff\u00e4llig Professionelle Sicherheitstechnik sch\u00fctzt nicht nur Werte \u2013 sie schafft sp\u00fcrbare Ruhe und Verl\u00e4sslichkeit im Alltag. AJAX z\u00e4hlt zu den f\u00fchrenden Herstellern moderner Funkalarmanlagen in Europa und \u00fcberzeugt durch hohe Reichweite, robuste Komponenten, intelligente Software und eine besonders intuitive Bedienung. \u00a0 Die Systeme sind modular aufgebaut, flexibel erweiterbar und lassen sich exakt an die Anforderungen Ihres Geb\u00e4udes anpassen \u2013 vom Einfamilienhaus \u00fcber B\u00fcrofl\u00e4chen bis hin zu gr\u00f6\u00dferen Gewerbeobjekten. \u00a0 Vorteile von AJAX Sicherheitssytemen Modulares Baukastensystem Bewegungsmelder, \u00d6ffnungskontakte, Glasbruchsensoren, Brand- und Wassermelder, Innen- und Au\u00dfensirenen, Automationsmodule f\u00fcr Licht, Tore, Relais u.\u202fv.\u202fm. Einfache Bedienung Steuerung per App, Web, Pinpad, BLE, Smartcard und Funkfernbedienung. Sofortige Push Benachrichtigungen und \u00fcbersichtliche Ereignisprotokolle Online Training EN 50131 Grad 2 zertifiziert Verschl\u00fcsselte Kommunikation Sabotageschutz und regelm\u00e4\u00dfige Selbsttests. St\u00f6rsicher und energieeffizient dank eigener Protokolle Einsatzbereiche Privathaushalte Einbruchschutz, Brandwarnung, smarte Automatisierung B\u00fcros und Gewerbe Zutrittskontrolle, Geb\u00e4ude\u00fcberwachung, Automation und Alarmweitermeldung an einen Leitstellendienst Vereine &amp; \u00f6ffentliche Geb\u00e4ude Skalierbare Systeme, einfache Bedienung und planbare Zonen Meine Leistungen als AJAX Partner Individuelle Beratung und Vor\u2011Ort\u2011Analyse Planung eines ma\u00dfgeschneiderten Sicherheitskonzepts Fachgerechte Installation und Konfiguration Einweisung in App, Bedienung und Systemfunktionen Erweiterung bestehender Systeme Wartung, Funktionspr\u00fcfung und langfristige Betreuung Warum AJAX bei Krombach Datentechnik Als technischer Dienstleister mit Fokus auf praxistaugliche, zuverl\u00e4ssige L\u00f6sungen kombiniere ich moderne Sicherheitstechnik mit sauberer, professioneller Umsetzung. Durch meinen offiziellen Partnerstatus profitieren Sie von: gepr\u00fcfter Fachkompetenz direktem Herstellersupport hochwertigen Komponenten einer Installation, die technisch wie optisch \u00fcberzeugt \u00a0 So entsteht ein Sicherheitssystem, das nicht nur sch\u00fctzt, sondern sich harmonisch in Ihr Geb\u00e4ude integriert und langfristig zuverl\u00e4ssig arbeitet.<\/p>\n","protected":false},"author":1,"featured_media":0,"parent":0,"menu_order":0,"comment_status":"closed","ping_status":"closed","template":"","meta":{"footnotes":""},"class_list":["post-59","page","type-page","status-publish","hentry"],"_links":{"self":[{"href":"https:\/\/krombach-datentechnik.de\/index.php\/wp-json\/wp\/v2\/pages\/59","targetHints":{"allow":["GET"]}}],"collection":[{"href":"https:\/\/krombach-datentechnik.de\/index.php\/wp-json\/wp\/v2\/pages"}],"about":[{"href":"https:\/\/krombach-datentechnik.de\/index.php\/wp-json\/wp\/v2\/types\/page"}],"author":[{"embeddable":true,"href":"https:\/\/krombach-datentechnik.de\/index.php\/wp-json\/wp\/v2\/users\/1"}],"replies":[{"embeddable":true,"href":"https:\/\/krombach-datentechnik.de\/index.php\/wp-json\/wp\/v2\/comments?post=59"}],"version-history":[{"count":67,"href":"https:\/\/krombach-datentechnik.de\/index.php\/wp-json\/wp\/v2\/pages\/59\/revisions"}],"predecessor-version":[{"id":192,"href":"https:\/\/krombach-datentechnik.de\/index.php\/wp-json\/wp\/v2\/pages\/59\/revisions\/192"}],"wp:attachment":[{"href":"https:\/\/krombach-datentechnik.de\/index.php\/wp-json\/wp\/v2\/media?parent=59"}],"curies":[{"name":"wp","href":"https:\/\/api.w.org\/{rel}","templated":true}]}}